{"id":1664,"date":"2017-10-12T00:30:12","date_gmt":"2017-10-11T22:30:12","guid":{"rendered":"https:\/\/unterberg.cc\/startseite\/"},"modified":"2024-12-19T11:41:42","modified_gmt":"2024-12-19T10:41:42","slug":"startseite","status":"publish","type":"page","link":"https:\/\/unterberg.cc\/en\/","title":{"rendered":"Startseite"},"content":{"rendered":"<div class=\"wpb-content-wrapper\"><p>[vc_row equal_height=&#8221;yes&#8221; el_class=&#8221;home-boxen&#8221;][vc_column width=&#8221;1\/4&#8243;][vc_single_image image=&#8221;1661&#8243; img_size=&#8221;full&#8221; alignment=&#8221;center&#8221;][vc_single_image image=&#8221;1749&#8243; img_size=&#8221;full&#8221; onclick=&#8221;custom_link&#8221; el_class=&#8221;box-img&#8221; link=&#8221;https:\/\/liftstueberl.unterberg.cc\/en\/&#8221;][vc_column_text]Good home-cooking and rooms with breakfast\/half board, K\u00f6nigslehen lift\/Radstadt[\/vc_column_text][vc_btn title=&#8221;to the Liftst\u00fcberl&#8221; size=&#8221;sm&#8221; align=&#8221;center&#8221; el_class=&#8221;blue&#8221; link=&#8221;url:https%3A%2F%2Fliftstueberl.unterberg.cc%2Fen%2F|||&#8221;][\/vc_column][vc_column width=&#8221;1\/4&#8243;][vc_single_image image=&#8221;1885&#8243; img_size=&#8221;full&#8221; alignment=&#8221;center&#8221;][vc_single_image image=&#8221;1908&#8243; img_size=&#8221;full&#8221; onclick=&#8221;custom_link&#8221; el_class=&#8221;box-img&#8221; link=&#8221;https:\/\/salettl.unterberg.cc\/en\/&#8221;][vc_column_text]Apr\u00e8s-ski bar with hot sounds, cool drinks and tasty snacks, K\u00f6nigslehen lift valley station\/Radstadt[\/vc_column_text][vc_btn title=&#8221;to the Salettl&#8221; size=&#8221;sm&#8221; align=&#8221;center&#8221; el_class=&#8221;red&#8221; link=&#8221;url:https%3A%2F%2Fsalettl.unterberg.cc%2Fen%2F|||&#8221;][\/vc_column][vc_column width=&#8221;1\/4&#8243;][vc_single_image image=&#8221;1883&#8243; img_size=&#8221;full&#8221; alignment=&#8221;center&#8221;][vc_single_image image=&#8221;1639&#8243; img_size=&#8221;full&#8221; onclick=&#8221;custom_link&#8221; el_class=&#8221;box-img&#8221; link=&#8221;https:\/\/alm.unterberg.cc\/en\/&#8221;][vc_column_text]The rustic ski hut in the heart of the family ski area Vorderfager\/Forstau, Ski amad\u00e9.[\/vc_column_text][vc_btn title=&#8221;to the Ski Hut&#8221; size=&#8221;sm&#8221; align=&#8221;center&#8221; link=&#8221;url:https%3A%2F%2Falm.unterberg.cc%2Fen%2F|||&#8221; el_class=&#8221;green&#8221;][\/vc_column][vc_column width=&#8221;1\/4&#8243;][vc_single_image image=&#8221;1881&#8243; img_size=&#8221;full&#8221; alignment=&#8221;center&#8221;][vc_single_image image=&#8221;1899&#8243; img_size=&#8221;full&#8221; onclick=&#8221;custom_link&#8221; el_class=&#8221;box-img&#8221; link=&#8221;https:\/\/alm.unterberg.cc\/en\/&#8221;][vc_column_text]Modern holiday apartment right on the ski slope for 2 &#8211; 7 people with a wonderful view of Radstadt[\/vc_column_text][vc_btn title=&#8221;to the Apartment&#8221; size=&#8221;sm&#8221; align=&#8221;center&#8221; link=&#8221;url:https%3A%2F%2Fradstadtblick.unterberg.cc%2Fen%2F&#8221; el_class=&#8221;radstadtblick&#8221;][\/vc_column][\/vc_row][vc_row][vc_column width=&#8221;5\/12&#8243;][vc_column_text]<\/p>\n<h1>Unterberg businesses run by the<br \/>\nSteiner and Vierthaler families in Radstadt &amp; Forstau.<\/h1>\n<p>[\/vc_column_text][\/vc_column][vc_column width=&#8221;7\/12&#8243;][vc_column_text css=&#8221;.vc_custom_1734602126904{margin-bottom: 0px !important;}&#8221;]Our <strong>family-run businesses<\/strong> in <strong>Radstadt<\/strong> and <strong>Forstau<\/strong> entice local and guests to enjoyable hours. A wide range is on offer at the <a href=\"https:\/\/liftstueberl.unterberg.cc\/en\/\">Gasthof Unterberg \u2013 Liftst\u00fcberl<\/a> &#8211; stay right next to the valley station of the <strong>Radstadt ski area<\/strong> and stop for refreshment. Round off your day&#8217;s skiing in the <a href=\"https:\/\/salettl.unterberg.cc\/en\/\">Apr\u00e8s-ski Bar Unterberg Salettl<\/a> in Radstadt. The <a href=\"https:\/\/alm.unterberg.cc\/en\/\">Ski Hut Unterbergalm<\/a> in the Fageralm ski area invites you in to recharge your batteries and to unwind. The <a href=\"https:\/\/radstadtblick.unterberg.cc\" target=\"_blank\" rel=\"noopener\">Radstadtblick apartment<\/a> for 2 &#8211; 7 people right on the ski slope is your perfect holiday home. Our guests are dear to our hearts &#8211; and we&#8217;ll treat you to genuine <strong>Salzburg hospitality<\/strong>.[\/vc_column_text][\/vc_column][\/vc_row][vc_row equal_height=&#8221;yes&#8221; el_class=&#8221;home-slider&#8221;][vc_column width=&#8221;5\/12&#8243; css=&#8221;.vc_custom_1509471247269{padding-right: 0px !important;}&#8221;][vc_gallery interval=&#8221;3&#8243; images=&#8221;1656,1657,1658,1659&#8243; img_size=&#8221;700&#215;495&#8243;][\/vc_column][vc_column width=&#8221;7\/12&#8243; css=&#8221;.vc_custom_1510265623103{background-color: #ffffff !important;}&#8221;][vc_column_text]<\/p>\n<h2>A holiday in the Ski amad\u00e9, Salzburger Land<\/h2>\n<p>[\/vc_column_text][vc_row_inner][vc_column_inner el_class=&#8221;home-slider-txt&#8221; width=&#8221;2\/3&#8243;][vc_column_text]Taste <strong>unlimited skiing pleasure<\/strong> in the <a href=\"https:\/\/www.skiamade.com\/de\/winter\" target=\"_blank\" rel=\"noopener\">Ski amad\u00e9<\/a>! <strong>760 well-prepared kilometres of slopes<\/strong> and <strong>270 modern lifts<\/strong> in Salzburger Land and in Styria beckon you to an unforgettable ski holiday. The sunny ski areas of <a href=\"https:\/\/www.skiamade.com\/de\/winter\/skiregionen\/salzburger-sportwelt\/radstadt-altenmarkt\" target=\"_blank\" rel=\"noopener\">Radstadt\/Altenmarkt<\/a> and <a href=\"https:\/\/www.skiamade.com\/de\/winter\/skiregionen\/schladming-dachstein\/fageralm\" target=\"_blank\" rel=\"noopener\">Fageralm<\/a> are particularly recommended for <strong>families<\/strong> and <strong>pleasure-skiers<\/strong>.[\/vc_column_text][vc_btn title=&#8221;Winter holiday&#8221; size=&#8221;sm&#8221; align=&#8221;left&#8221; el_class=&#8221;blue&#8221; link=&#8221;url:https%3A%2F%2Fliftstueberl.unterberg.cc%2Fen%2Fwinter-ski-holiday-salzburg%2F|||&#8221;][\/vc_column_inner][vc_column_inner el_class=&#8221;home-slider-img&#8221; width=&#8221;1\/3&#8243;][vc_single_image image=&#8221;1633&#8243; img_size=&#8221;full&#8221; alignment=&#8221;right&#8221;][\/vc_column_inner][\/vc_row_inner][\/vc_column][\/vc_row]<\/p>\n<\/div>","protected":false},"excerpt":{"rendered":"<p>[vc_row equal_height=&#8221;yes&#8221; el_class=&#8221;home-boxen&#8221;][vc_column width=&#8221;1\/4&#8243;][vc_single_image image=&#8221;1661&#8243; img_size=&#8221;full&#8221; alignment=&#8221;center&#8221;][vc_single_image image=&#8221;1749&#8243; img_size=&#8221;full&#8221; onclick=&#8221;custom_link&#8221; el_class=&#8221;box-img&#8221; link=&#8221;https:\/\/liftstueberl.unterberg.cc\/en\/&#8221;][vc_column_text]Good home-cooking and rooms with breakfast\/half board, K\u00f6nigslehen lift\/Radstadt[\/vc_column_text][vc_btn title=&#8221;to the Liftst\u00fcberl&#8221; size=&#8221;sm&#8221; align=&#8221;center&#8221; el_class=&#8221;blue&#8221; link=&#8221;url:https%3A%2F%2Fliftstueberl.unterberg.cc%2Fen%2F|||&#8221;][\/vc_column][vc_column width=&#8221;1\/4&#8243;][vc_single_image image=&#8221;1885&#8243; img_size=&#8221;full&#8221; alignment=&#8221;center&#8221;][vc_single_image image=&#8221;1908&#8243; img_size=&#8221;full&#8221; onclick=&#8221;custom_link&#8221; el_class=&#8221;box-img&#8221; link=&#8221;https:\/\/salettl.unterberg.cc\/en\/&#8221;][vc_column_text]Apr\u00e8s-ski bar with hot sounds, cool drinks and tasty snacks, K\u00f6nigslehen lift valley station\/Radstadt[\/vc_column_text][vc_btn title=&#8221;to the Salettl&#8221; size=&#8221;sm&#8221; align=&#8221;center&#8221; el_class=&#8221;red&#8221; &hellip;<\/p>\n\n<p><a class=\"readmore btn btn-default btn-default btn-block\" href=\"https:\/\/unterberg.cc\/en\/\">Read More<\/a><\/p>","protected":false},"author":3,"featured_media":0,"parent":0,"menu_order":0,"comment_status":"closed","ping_status":"closed","template":"","meta":{"_acf_changed":false,"inline_featured_image":false,"footnotes":""},"class_list":["post-1664","page","type-page","status-publish","hentry"],"acf":[],"yoast_head":"<!-- This site is optimized with the Yoast SEO plugin v26.8 - https:\/\/yoast.com\/product\/yoast-seo-wordpress\/ -->\n<title>Rooms Gasthof, apr\u00e8s-ski in Radstadt, ski hut in Forstau, Ski amad\u00e9<\/title>\n<meta name=\"description\" content=\"Gasthof &amp; rooms, apr\u00e8s-ski bar at the valley station in Radstadt, ski hut in the Fageralm ski area - feel at home in the family-run Unterberg businesses.\" \/>\n<meta name=\"robots\" content=\"index, follow, max-snippet:-1, max-image-preview:large, max-video-preview:-1\" \/>\n<link rel=\"canonical\" href=\"https:\/\/unterberg.cc\/en\/\" \/>\n<meta property=\"og:locale\" content=\"en_US\" \/>\n<meta property=\"og:type\" content=\"article\" \/>\n<meta property=\"og:title\" content=\"Rooms Gasthof, apr\u00e8s-ski in Radstadt, ski hut in Forstau, Ski amad\u00e9\" \/>\n<meta property=\"og:description\" content=\"Gasthof &amp; rooms, apr\u00e8s-ski bar at the valley station in Radstadt, ski hut in the Fageralm ski area - feel at home in the family-run Unterberg businesses.\" \/>\n<meta property=\"og:url\" content=\"https:\/\/unterberg.cc\/en\/\" \/>\n<meta property=\"og:site_name\" content=\"unterberg.cc\" \/>\n<meta property=\"article:modified_time\" content=\"2024-12-19T10:41:42+00:00\" \/>\n<meta name=\"twitter:card\" content=\"summary_large_image\" \/>\n<meta name=\"twitter:label1\" content=\"Est. reading time\" \/>\n\t<meta name=\"twitter:data1\" content=\"2 minutes\" \/>\n<script type=\"application\/ld+json\" class=\"yoast-schema-graph\">{\"@context\":\"https:\/\/schema.org\",\"@graph\":[{\"@type\":\"WebPage\",\"@id\":\"https:\/\/unterberg.cc\/en\/\",\"url\":\"https:\/\/unterberg.cc\/en\/\",\"name\":\"Rooms Gasthof, apr\u00e8s-ski in Radstadt, ski hut in Forstau, Ski amad\u00e9\",\"isPartOf\":{\"@id\":\"https:\/\/unterberg.cc\/#website\"},\"datePublished\":\"2017-10-11T22:30:12+00:00\",\"dateModified\":\"2024-12-19T10:41:42+00:00\",\"description\":\"Gasthof & rooms, apr\u00e8s-ski bar at the valley station in Radstadt, ski hut in the Fageralm ski area - feel at home in the family-run Unterberg businesses.\",\"breadcrumb\":{\"@id\":\"https:\/\/unterberg.cc\/en\/#breadcrumb\"},\"inLanguage\":\"en-US\",\"potentialAction\":[{\"@type\":\"ReadAction\",\"target\":[\"https:\/\/unterberg.cc\/en\/\"]}]},{\"@type\":\"BreadcrumbList\",\"@id\":\"https:\/\/unterberg.cc\/en\/#breadcrumb\",\"itemListElement\":[{\"@type\":\"ListItem\",\"position\":1,\"name\":\"Home\",\"item\":\"https:\/\/unterberg.cc\/en\/\"},{\"@type\":\"ListItem\",\"position\":2,\"name\":\"Startseite\"}]},{\"@type\":\"WebSite\",\"@id\":\"https:\/\/unterberg.cc\/#website\",\"url\":\"https:\/\/unterberg.cc\/\",\"name\":\"unterberg.cc\",\"description\":\"Just another WordPress site\",\"potentialAction\":[{\"@type\":\"SearchAction\",\"target\":{\"@type\":\"EntryPoint\",\"urlTemplate\":\"https:\/\/unterberg.cc\/?s={search_term_string}\"},\"query-input\":{\"@type\":\"PropertyValueSpecification\",\"valueRequired\":true,\"valueName\":\"search_term_string\"}}],\"inLanguage\":\"en-US\"}]}<\/script>\n<!-- \/ Yoast SEO plugin. -->","yoast_head_json":{"title":"Rooms Gasthof, apr\u00e8s-ski in Radstadt, ski hut in Forstau, Ski amad\u00e9","description":"Gasthof & rooms, apr\u00e8s-ski bar at the valley station in Radstadt, ski hut in the Fageralm ski area - feel at home in the family-run Unterberg businesses.","robots":{"index":"index","follow":"follow","max-snippet":"max-snippet:-1","max-image-preview":"max-image-preview:large","max-video-preview":"max-video-preview:-1"},"canonical":"https:\/\/unterberg.cc\/en\/","og_locale":"en_US","og_type":"article","og_title":"Rooms Gasthof, apr\u00e8s-ski in Radstadt, ski hut in Forstau, Ski amad\u00e9","og_description":"Gasthof & rooms, apr\u00e8s-ski bar at the valley station in Radstadt, ski hut in the Fageralm ski area - feel at home in the family-run Unterberg businesses.","og_url":"https:\/\/unterberg.cc\/en\/","og_site_name":"unterberg.cc","article_modified_time":"2024-12-19T10:41:42+00:00","twitter_card":"summary_large_image","twitter_misc":{"Est. reading time":"2 minutes"},"schema":{"@context":"https:\/\/schema.org","@graph":[{"@type":"WebPage","@id":"https:\/\/unterberg.cc\/en\/","url":"https:\/\/unterberg.cc\/en\/","name":"Rooms Gasthof, apr\u00e8s-ski in Radstadt, ski hut in Forstau, Ski amad\u00e9","isPartOf":{"@id":"https:\/\/unterberg.cc\/#website"},"datePublished":"2017-10-11T22:30:12+00:00","dateModified":"2024-12-19T10:41:42+00:00","description":"Gasthof & rooms, apr\u00e8s-ski bar at the valley station in Radstadt, ski hut in the Fageralm ski area - feel at home in the family-run Unterberg businesses.","breadcrumb":{"@id":"https:\/\/unterberg.cc\/en\/#breadcrumb"},"inLanguage":"en-US","potentialAction":[{"@type":"ReadAction","target":["https:\/\/unterberg.cc\/en\/"]}]},{"@type":"BreadcrumbList","@id":"https:\/\/unterberg.cc\/en\/#breadcrumb","itemListElement":[{"@type":"ListItem","position":1,"name":"Home","item":"https:\/\/unterberg.cc\/en\/"},{"@type":"ListItem","position":2,"name":"Startseite"}]},{"@type":"WebSite","@id":"https:\/\/unterberg.cc\/#website","url":"https:\/\/unterberg.cc\/","name":"unterberg.cc","description":"Just another WordPress site","potentialAction":[{"@type":"SearchAction","target":{"@type":"EntryPoint","urlTemplate":"https:\/\/unterberg.cc\/?s={search_term_string}"},"query-input":{"@type":"PropertyValueSpecification","valueRequired":true,"valueName":"search_term_string"}}],"inLanguage":"en-US"}]}},"_links":{"self":[{"href":"https:\/\/unterberg.cc\/en\/wp-json\/wp\/v2\/pages\/1664","targetHints":{"allow":["GET"]}}],"collection":[{"href":"https:\/\/unterberg.cc\/en\/wp-json\/wp\/v2\/pages"}],"about":[{"href":"https:\/\/unterberg.cc\/en\/wp-json\/wp\/v2\/types\/page"}],"author":[{"embeddable":true,"href":"https:\/\/unterberg.cc\/en\/wp-json\/wp\/v2\/users\/3"}],"replies":[{"embeddable":true,"href":"https:\/\/unterberg.cc\/en\/wp-json\/wp\/v2\/comments?post=1664"}],"version-history":[{"count":11,"href":"https:\/\/unterberg.cc\/en\/wp-json\/wp\/v2\/pages\/1664\/revisions"}],"predecessor-version":[{"id":1921,"href":"https:\/\/unterberg.cc\/en\/wp-json\/wp\/v2\/pages\/1664\/revisions\/1921"}],"wp:attachment":[{"href":"https:\/\/unterberg.cc\/en\/wp-json\/wp\/v2\/media?parent=1664"}],"curies":[{"name":"wp","href":"https:\/\/api.w.org\/{rel}","templated":true}]}}